{"id":83,"date":"2022-08-31T18:41:45","date_gmt":"2022-08-31T18:41:45","guid":{"rendered":"https:\/\/fagk.de\/?page_id=83"},"modified":"2025-11-09T14:07:52","modified_gmt":"2025-11-09T14:07:52","slug":"dr-zoch-kuett","status":"publish","type":"page","link":"https:\/\/fagk.de\/?page_id=83","title":{"rendered":"Dr Zoch k\u00fctt"},"content":{"rendered":"\n<p>Allgemeine Informationen zur Anmeldung, Termine und Fristen befinden sich hier:<\/p>\n\n\n\n<div class=\"wp-block-file\"><a id=\"wp-block-file--media-367aefdc-fe7b-419f-8f93-5c7ab22b36fd\" href=\"https:\/\/fagk.de\/wp-content\/uploads\/2025\/10\/Zuganmeldung-2026.pdf\">Zuganmeldung 2026<\/a><a href=\"https:\/\/fagk.de\/wp-content\/uploads\/2025\/10\/Zuganmeldung-2026.pdf\" class=\"wp-block-file__button wp-element-button\" download aria-describedby=\"wp-block-file--media-367aefdc-fe7b-419f-8f93-5c7ab22b36fd\">Herunterladen<\/a><\/div>\n\n\n\n<div class=\"wp-block-file\"><a id=\"wp-block-file--media-a74dee50-9920-4562-afdf-4c2c7a82f9db\" href=\"https:\/\/fagk.de\/wp-content\/uploads\/2025\/10\/Zugordnung-2026.pdf\">Zugordnung 2026<\/a><a href=\"https:\/\/fagk.de\/wp-content\/uploads\/2025\/10\/Zugordnung-2026.pdf\" class=\"wp-block-file__button wp-element-button\" download aria-describedby=\"wp-block-file--media-a74dee50-9920-4562-afdf-4c2c7a82f9db\">Herunterladen<\/a><\/div>\n\n\n\n<div class=\"wp-block-file\"><a id=\"wp-block-file--media-b01d798c-1955-454a-9f6b-3f9316f8a174\" href=\"https:\/\/fagk.de\/wp-content\/uploads\/2025\/10\/Erklaerung-Zugmaschine-2026.pdf\">Erkl\u00e4rung Zugmaschine 2026<\/a><a href=\"https:\/\/fagk.de\/wp-content\/uploads\/2025\/10\/Erklaerung-Zugmaschine-2026.pdf\" class=\"wp-block-file__button wp-element-button\" download aria-describedby=\"wp-block-file--media-b01d798c-1955-454a-9f6b-3f9316f8a174\">Herunterladen<\/a><\/div>\n\n\n\n<div class=\"wp-block-file\"><a id=\"wp-block-file--media-056ee7ce-dcd9-4eba-aa44-2ac00e39678c\" href=\"https:\/\/fagk.de\/wp-content\/uploads\/2025\/10\/Erklaerung-Prunkwagen-2026.pdf\">Erkl\u00e4rung Prunkwagen 2026<\/a><a href=\"https:\/\/fagk.de\/wp-content\/uploads\/2025\/10\/Erklaerung-Prunkwagen-2026.pdf\" class=\"wp-block-file__button wp-element-button\" download aria-describedby=\"wp-block-file--media-056ee7ce-dcd9-4eba-aa44-2ac00e39678c\">Herunterladen<\/a><\/div>\n\n\n\n<div class=\"wp-block-file\"><a id=\"wp-block-file--media-0a7a48cf-74c4-441c-b9d6-99820fa71703\" href=\"https:\/\/fagk.de\/wp-content\/uploads\/2025\/10\/Erklaerung-Bagagewagen-2026.pdf\">Erkl\u00e4rung Bagagewagen 2026<\/a><a href=\"https:\/\/fagk.de\/wp-content\/uploads\/2025\/10\/Erklaerung-Bagagewagen-2026.pdf\" class=\"wp-block-file__button wp-element-button\" download aria-describedby=\"wp-block-file--media-0a7a48cf-74c4-441c-b9d6-99820fa71703\">Herunterladen<\/a><\/div>\n\n\n\n<div class=\"wp-block-file\"><a id=\"wp-block-file--media-205f32e3-f149-448f-a358-c9df812ebdef\" href=\"https:\/\/fagk.de\/wp-content\/uploads\/2025\/10\/Meldeformular-Wagenengel.pdf\">Meldeformular Wagenengel<\/a><a href=\"https:\/\/fagk.de\/wp-content\/uploads\/2025\/10\/Meldeformular-Wagenengel.pdf\" class=\"wp-block-file__button wp-element-button\" download aria-describedby=\"wp-block-file--media-205f32e3-f149-448f-a358-c9df812ebdef\">Herunterladen<\/a><\/div>\n\n\n\n<div class=\"wp-block-file\"><a id=\"wp-block-file--media-ac4b6431-f459-4ec3-96d7-348ddf8b8964\" href=\"https:\/\/fagk.de\/wp-content\/uploads\/2025\/10\/Einverstaendniserklaerung-minderjaehrige-Wagenengel-2026.pdf\">Einverst\u00e4ndniserkl\u00e4rung minderj\u00e4hrige Wagenengel 2026<\/a><a href=\"https:\/\/fagk.de\/wp-content\/uploads\/2025\/10\/Einverstaendniserklaerung-minderjaehrige-Wagenengel-2026.pdf\" class=\"wp-block-file__button wp-element-button\" download aria-describedby=\"wp-block-file--media-ac4b6431-f459-4ec3-96d7-348ddf8b8964\">Herunterladen<\/a><\/div>\n\n\n\n<div class=\"wp-block-file\"><a id=\"wp-block-file--media-83a0a1d6-d23a-4edc-aabb-080af45d4078\" href=\"https:\/\/fagk.de\/wp-content\/uploads\/2025\/10\/Merkblatt-Wagenengel.pdf\">Merkblatt Wagenengel<\/a><a href=\"https:\/\/fagk.de\/wp-content\/uploads\/2025\/10\/Merkblatt-Wagenengel.pdf\" class=\"wp-block-file__button wp-element-button\" download aria-describedby=\"wp-block-file--media-83a0a1d6-d23a-4edc-aabb-080af45d4078\">Herunterladen<\/a><\/div>\n\n\n\n<div class=\"wp-block-file\"><a id=\"wp-block-file--media-8a88eaa9-774d-4f97-8246-4c8817867ca5\" href=\"https:\/\/fagk.de\/wp-content\/uploads\/2025\/10\/Zugkommentar-2026.pdf\">Zugkommentar 2026<\/a><a href=\"https:\/\/fagk.de\/wp-content\/uploads\/2025\/10\/Zugkommentar-2026.pdf\" class=\"wp-block-file__button wp-element-button\" download aria-describedby=\"wp-block-file--media-8a88eaa9-774d-4f97-8246-4c8817867ca5\">Herunterladen<\/a><\/div>\n\n\n\n<div class=\"wp-block-file\"><a id=\"wp-block-file--media-05b3ea9a-6fd0-48f3-ba27-0ce68d906db4\" href=\"https:\/\/fagk.de\/wp-content\/uploads\/2025\/10\/Zugreihenfolge.pdf\">Zugreihenfolge<\/a><a href=\"https:\/\/fagk.de\/wp-content\/uploads\/2025\/10\/Zugreihenfolge.pdf\" class=\"wp-block-file__button wp-element-button\" download aria-describedby=\"wp-block-file--media-05b3ea9a-6fd0-48f3-ba27-0ce68d906db4\">Herunterladen<\/a><\/div>\n\n\n\n<div class=\"wp-block-file\"><a id=\"wp-block-file--media-3e455ce9-06bf-4e8e-a1b4-c7b890c456bb\" href=\"https:\/\/fagk.de\/wp-content\/uploads\/2025\/10\/DSGVO-Karnevalszug-2026.pdf\">DSGVO Karnevalszug 2026<\/a><a href=\"https:\/\/fagk.de\/wp-content\/uploads\/2025\/10\/DSGVO-Karnevalszug-2026.pdf\" class=\"wp-block-file__button wp-element-button\" download aria-describedby=\"wp-block-file--media-3e455ce9-06bf-4e8e-a1b4-c7b890c456bb\">Herunterladen<\/a><\/div>\n\n\n\n<div class=\"wp-block-file\"><a href=\"https:\/\/fagk.de\/wp-content\/uploads\/2025\/10\/Gebuehren-Karnevalszug.pdf\">Geb\u00fchren-Karnevalszug<\/a><a href=\"https:\/\/fagk.de\/wp-content\/uploads\/2025\/10\/Gebuehren-Karnevalszug.pdf\" class=\"wp-block-file__button wp-element-button\" download>Herunterladen<\/a><\/div>\n\n\n\n<p>Anmeldungen f\u00fcr den Karnevalszug am 15.02.2026 bitte <strong>bis zum 30.11.2025<\/strong> an den <a href=\"mailto:zugleitung@fagk.de\">Zugleiter Andreas von Fricken<\/a><\/p>\n\n\n\n<p><\/p>\n","protected":false},"excerpt":{"rendered":"<p>Allgemeine Informationen zur Anmeldung, Termine und Fristen befinden sich hier: Anmeldungen f\u00fcr den Karnevalszug am 15.02.2026 bitte bis zum 30.11.2025 an den [&hellip;]<\/p>\n","protected":false},"author":1,"featured_media":0,"parent":0,"menu_order":0,"comment_status":"closed","ping_status":"closed","template":"","meta":{"footnotes":""},"class_list":["post-83","page","type-page","status-publish","hentry"],"jetpack_sharing_enabled":true,"_links":{"self":[{"href":"https:\/\/fagk.de\/index.php?rest_route=\/wp\/v2\/pages\/83","targetHints":{"allow":["GET"]}}],"collection":[{"href":"https:\/\/fagk.de\/index.php?rest_route=\/wp\/v2\/pages"}],"about":[{"href":"https:\/\/fagk.de\/index.php?rest_route=\/wp\/v2\/types\/page"}],"author":[{"embeddable":true,"href":"https:\/\/fagk.de\/index.php?rest_route=\/wp\/v2\/users\/1"}],"replies":[{"embeddable":true,"href":"https:\/\/fagk.de\/index.php?rest_route=%2Fwp%2Fv2%2Fcomments&post=83"}],"version-history":[{"count":51,"href":"https:\/\/fagk.de\/index.php?rest_route=\/wp\/v2\/pages\/83\/revisions"}],"predecessor-version":[{"id":900,"href":"https:\/\/fagk.de\/index.php?rest_route=\/wp\/v2\/pages\/83\/revisions\/900"}],"wp:attachment":[{"href":"https:\/\/fagk.de\/index.php?rest_route=%2Fwp%2Fv2%2Fmedia&parent=83"}],"curies":[{"name":"wp","href":"https:\/\/api.w.org\/{rel}","templated":true}]}}