{"id":713,"date":"2025-09-05T10:20:50","date_gmt":"2025-09-05T10:20:50","guid":{"rendered":"https:\/\/fagk.de\/?page_id=713"},"modified":"2025-09-09T07:25:15","modified_gmt":"2025-09-09T07:25:15","slug":"kartenbestellungen","status":"publish","type":"page","link":"https:\/\/fagk.de\/?page_id=713","title":{"rendered":"Kartenbestellungen"},"content":{"rendered":"<style id=\"wpforms-css-vars-738-block-ce90cf04-6a00-4c20-9a8a-993a80e6a4d5\">\n\t\t\t\t#wpforms-738.wpforms-block-ce90cf04-6a00-4c20-9a8a-993a80e6a4d5 {\n\t\t\t\t--wpforms-field-size-input-height: 43px;\n--wpforms-field-size-input-spacing: 15px;\n--wpforms-field-size-font-size: 16px;\n--wpforms-field-size-line-height: 19px;\n--wpforms-field-size-padding-h: 14px;\n--wpforms-field-size-checkbox-size: 16px;\n--wpforms-field-size-sublabel-spacing: 5px;\n--wpforms-field-size-icon-size: 1;\n--wpforms-label-size-font-size: 16px;\n--wpforms-label-size-line-height: 19px;\n--wpforms-label-size-sublabel-font-size: 14px;\n--wpforms-label-size-sublabel-line-height: 17px;\n--wpforms-button-size-font-size: 17px;\n--wpforms-button-size-height: 41px;\n--wpforms-button-size-padding-h: 15px;\n--wpforms-button-size-margin-top: 10px;\n\t\t\t}\n\t\t\t<\/style><div class=\"wpforms-container wpforms-container-full wpforms-block wpforms-block-ce90cf04-6a00-4c20-9a8a-993a80e6a4d5 wpforms-render-modern\" id=\"wpforms-738\"><form id=\"wpforms-form-738\" class=\"wpforms-validate wpforms-form wpforms-ajax-form\" data-formid=\"738\" method=\"post\" enctype=\"multipart\/form-data\" action=\"\/index.php?rest_route=%2Fwp%2Fv2%2Fpages%2F713\" data-token=\"2324eb5fdb2e90bef69d4c55a02d80ca\" data-token-time=\"1776261253\"><noscript class=\"wpforms-error-noscript\">Bitte aktiviere JavaScript in deinem Browser, um dieses Formular fertigzustellen.<\/noscript><div id=\"wpforms-error-noscript\" style=\"display: none;\">Bitte aktiviere JavaScript in deinem Browser, um dieses Formular fertigzustellen.<\/div><div class=\"wpforms-field-container\"><div id=\"wpforms-738-field_1-container\" class=\"wpforms-field wpforms-field-name\" data-field-id=\"1\"><fieldset><legend class=\"wpforms-field-label\">Name <span class=\"wpforms-required-label\" aria-hidden=\"true\">*<\/span><\/legend><div class=\"wpforms-field-row wpforms-field-medium\"><div class=\"wpforms-field-row-block wpforms-first wpforms-one-half\"><input type=\"text\" id=\"wpforms-738-field_1\" class=\"wpforms-field-name-first wpforms-field-required\" name=\"wpforms[fields][1][first]\" aria-errormessage=\"wpforms-738-field_1-error\" required><label for=\"wpforms-738-field_1\" class=\"wpforms-field-sublabel after\">Vorname<\/label><\/div><div class=\"wpforms-field-row-block wpforms-one-half\"><input type=\"text\" id=\"wpforms-738-field_1-last\" class=\"wpforms-field-name-last wpforms-field-required\" name=\"wpforms[fields][1][last]\" aria-errormessage=\"wpforms-738-field_1-last-error\" required><label for=\"wpforms-738-field_1-last\" class=\"wpforms-field-sublabel after\">Nachname<\/label><\/div><\/div><\/fieldset><\/div><div id=\"wpforms-738-field_12-container\" class=\"wpforms-field wpforms-field-text\" data-field-id=\"12\"><label class=\"wpforms-field-label\" for=\"wpforms-738-field_12\">Verein<\/label><input type=\"text\" id=\"wpforms-738-field_12\" class=\"wpforms-field-medium\" name=\"wpforms[fields][12]\" aria-errormessage=\"wpforms-738-field_12-error\" ><\/div><div id=\"wpforms-738-field_2-container\" class=\"wpforms-field wpforms-field-email\" data-field-id=\"2\"><label class=\"wpforms-field-label\" for=\"wpforms-738-field_2\">E-Mail-Adresse <span class=\"wpforms-required-label\" aria-hidden=\"true\">*<\/span><\/label><input type=\"email\" id=\"wpforms-738-field_2\" class=\"wpforms-field-medium wpforms-field-required\" name=\"wpforms[fields][2]\" spellcheck=\"false\" aria-errormessage=\"wpforms-738-field_2-error\" required><\/div><div id=\"wpforms-738-field_8-container\" class=\"wpforms-field wpforms-field-text\" data-field-id=\"8\"><label class=\"wpforms-field-label\" for=\"wpforms-738-field_8\">Telefon <span class=\"wpforms-required-label\" aria-hidden=\"true\">*<\/span><\/label><input type=\"text\" id=\"wpforms-738-field_8\" class=\"wpforms-field-medium wpforms-field-required\" name=\"wpforms[fields][8]\" aria-errormessage=\"wpforms-738-field_8-error\" required><\/div>\t\t<div id=\"wpforms-738-field_5-container\"\n\t\t\tclass=\"wpforms-field wpforms-field-text\"\n\t\t\tdata-field-type=\"text\"\n\t\t\tdata-field-id=\"5\"\n\t\t\t>\n\t\t\t<label class=\"wpforms-field-label\" for=\"wpforms-738-field_5\" >Anzahl f\u00fcr Mehrfachbestellungen<\/label>\n\t\t\t<input type=\"text\" id=\"wpforms-738-field_5\" class=\"wpforms-field-medium\" name=\"wpforms[fields][5]\" >\n\t\t<\/div>\n\t\t<div id=\"wpforms-738-field_20-container\" class=\"wpforms-field wpforms-field-text\" data-field-id=\"20\"><label class=\"wpforms-field-label\" for=\"wpforms-738-field_20\">Stra\u00dfe <span class=\"wpforms-required-label\" aria-hidden=\"true\">*<\/span><\/label><input type=\"text\" id=\"wpforms-738-field_20\" class=\"wpforms-field-medium wpforms-field-required\" name=\"wpforms[fields][20]\" aria-errormessage=\"wpforms-738-field_20-error\" required><\/div><div id=\"wpforms-738-field_21-container\" class=\"wpforms-field wpforms-field-name\" data-field-id=\"21\"><fieldset><legend class=\"wpforms-field-label\">Wohnort <span class=\"wpforms-required-label\" aria-hidden=\"true\">*<\/span><\/legend><div class=\"wpforms-field-row wpforms-field-medium\"><div class=\"wpforms-field-row-block wpforms-first wpforms-one-half\"><input type=\"text\" id=\"wpforms-738-field_21\" class=\"wpforms-field-name-first wpforms-field-required\" name=\"wpforms[fields][21][first]\" placeholder=\"PLZ\" aria-errormessage=\"wpforms-738-field_21-error\" required><label for=\"wpforms-738-field_21\" class=\"wpforms-field-sublabel after wpforms-sublabel-hide\">Vorname<\/label><\/div><div class=\"wpforms-field-row-block wpforms-one-half\"><input type=\"text\" id=\"wpforms-738-field_21-last\" class=\"wpforms-field-name-last wpforms-field-required\" name=\"wpforms[fields][21][last]\" placeholder=\"Ort\" aria-errormessage=\"wpforms-738-field_21-last-error\" required><label for=\"wpforms-738-field_21-last\" class=\"wpforms-field-sublabel after wpforms-sublabel-hide\">Nachname<\/label><\/div><\/div><\/fieldset><\/div><div id=\"wpforms-738-field_4-container\" class=\"wpforms-field wpforms-field-checkbox\" data-field-id=\"4\"><fieldset><legend class=\"wpforms-field-label\">Auswahl Karten <span class=\"wpforms-required-label\" aria-hidden=\"true\">*<\/span><\/legend><ul id=\"wpforms-738-field_4\" class=\"wpforms-field-required\"><li class=\"choice-1 depth-1\"><input type=\"checkbox\" id=\"wpforms-738-field_4_1\" name=\"wpforms[fields][4][]\" value=\"Ich habe eine Einladung erhalten und bestelle hiermit meine Freikarte\" aria-errormessage=\"wpforms-738-field_4_1-error\" aria-describedby=\"wpforms-738-field_4-description\" required ><label class=\"wpforms-field-label-inline\" for=\"wpforms-738-field_4_1\">Ich habe eine Einladung erhalten und bestelle hiermit meine Freikarte<\/label><\/li><li class=\"choice-4 depth-1\"><input type=\"checkbox\" id=\"wpforms-738-field_4_4\" name=\"wpforms[fields][4][]\" value=\"Ich habe eine Einladung erhalten und nehme mit einer Begleitung teil\" aria-errormessage=\"wpforms-738-field_4_4-error\" aria-describedby=\"wpforms-738-field_4-description\" required ><label class=\"wpforms-field-label-inline\" for=\"wpforms-738-field_4_4\">Ich habe eine Einladung erhalten und nehme mit einer Begleitung teil<\/label><\/li><li class=\"choice-3 depth-1\"><input type=\"checkbox\" id=\"wpforms-738-field_4_3\" name=\"wpforms[fields][4][]\" value=\"Ich bestelle (zus\u00e4tzliche) Karten\" aria-errormessage=\"wpforms-738-field_4_3-error\" aria-describedby=\"wpforms-738-field_4-description\" required ><label class=\"wpforms-field-label-inline\" for=\"wpforms-738-field_4_3\">Ich bestelle (zus\u00e4tzliche) Karten<\/label><\/li><\/ul><div id=\"wpforms-738-field_4-description\" class=\"wpforms-field-description\">Bitte geben Sie die gew\u00fcnschte St\u00fcckzahl f\u00fcr zus\u00e4tzliche Karten an.<\/div><\/fieldset><\/div><div id=\"wpforms-738-field_9-container\" class=\"wpforms-field wpforms-field-select wpforms-field-select-style-classic\" data-field-id=\"9\"><label class=\"wpforms-field-label\" for=\"wpforms-738-field_9\">Anzahl Freikarten <span class=\"wpforms-required-label\" aria-hidden=\"true\">*<\/span><\/label><select id=\"wpforms-738-field_9\" class=\"wpforms-field-small wpforms-field-required\" name=\"wpforms[fields][9]\" required=\"required\"><option value=\"\" class=\"placeholder\" disabled  selected='selected'>&#8212; Auswahl treffen &#8212;<\/option><option value=\"0\"  class=\"choice-12 depth-1\"  >0<\/option><option value=\"1\"  class=\"choice-1 depth-1\"  >1<\/option><option value=\"2\"  class=\"choice-2 depth-1\"  >2<\/option><\/select><div id=\"wpforms-738-field_9-description\" class=\"wpforms-field-description\">Freikarten erhalten geladene G\u00e4ste, Mitglieder des gro\u00dfen Gemeinschaftstanzes und Herolde der Vereine. Bei mehreren Karten bitte Namen und Funktion unter Bemerkung erfassen. &#8211; Tischw\u00fcnsche k\u00f6nnen unter Bemerkungen notiert werden. <\/div><\/div><div id=\"wpforms-738-field_11-container\" class=\"wpforms-field wpforms-field-select wpforms-field-select-style-classic\" data-field-id=\"11\"><label class=\"wpforms-field-label\" for=\"wpforms-738-field_11\">Anzahl (zus\u00e4tzliche) Karten je 30,- \u20ac <span class=\"wpforms-required-label\" aria-hidden=\"true\">*<\/span><\/label><select id=\"wpforms-738-field_11\" class=\"wpforms-field-small wpforms-field-required\" name=\"wpforms[fields][11]\" required=\"required\"><option value=\"\" class=\"placeholder\" disabled  selected='selected'>&#8212; Auswahl treffen &#8212;<\/option><option value=\"0\"  class=\"choice-12 depth-1\"  >0<\/option><option value=\"1\"  class=\"choice-1 depth-1\"  >1<\/option><option value=\"2\"  class=\"choice-2 depth-1\"  >2<\/option><option value=\"3\"  class=\"choice-3 depth-1\"  >3<\/option><option value=\"4\"  class=\"choice-7 depth-1\"  >4<\/option><option value=\"5\"  class=\"choice-6 depth-1\"  >5<\/option><option value=\"6\"  class=\"choice-5 depth-1\"  >6<\/option><option value=\"7\"  class=\"choice-4 depth-1\"  >7<\/option><option value=\"8\"  class=\"choice-10 depth-1\"  >8<\/option><option value=\"9\"  class=\"choice-9 depth-1\"  >9<\/option><option value=\"10+\"  class=\"choice-11 depth-1\"  >10+<\/option><\/select><div id=\"wpforms-738-field_11-description\" class=\"wpforms-field-description\">Gilt f\u00fcr alle Personen, die nicht in einem dem Festausschuss Godesberger Karneval angeh\u00f6rendem Verein Mitglied sind. &#8211; Bei mehr als 10, geben Sie dies bitte unter Bemerkungen an.<\/div><\/div><div id=\"wpforms-738-field_3-container\" class=\"wpforms-field wpforms-field-textarea\" data-field-id=\"3\"><label class=\"wpforms-field-label\" for=\"wpforms-738-field_3\">Bemerkung<\/label><textarea id=\"wpforms-738-field_3\" class=\"wpforms-field-medium\" name=\"wpforms[fields][3]\" aria-errormessage=\"wpforms-738-field_3-error\" ><\/textarea><\/div><div id=\"wpforms-738-field_16-container\" class=\"wpforms-field wpforms-field-checkbox\" data-field-id=\"16\"><fieldset><legend class=\"wpforms-field-label\">Mehrfachbestellungen werden alle vollst\u00e4ndig in Rechnung gestellt. <span class=\"wpforms-required-label\" aria-hidden=\"true\">*<\/span><\/legend><ul id=\"wpforms-738-field_16\" class=\"wpforms-field-required\"><li class=\"choice-1 depth-1\"><input type=\"checkbox\" id=\"wpforms-738-field_16_1\" name=\"wpforms[fields][16][]\" value=\"Ich bestelle nur \u00fcber dieses Formular\" aria-errormessage=\"wpforms-738-field_16_1-error\" required ><label class=\"wpforms-field-label-inline\" for=\"wpforms-738-field_16_1\">Ich bestelle nur \u00fcber dieses Formular<\/label><\/li><\/ul><\/fieldset><\/div><div id=\"wpforms-738-field_17-container\" class=\"wpforms-field wpforms-field-checkbox\" data-field-id=\"17\"><fieldset><legend class=\"wpforms-field-label\">Meine Daten d\u00fcrfen f\u00fcr die Kartenbestellung verarbeitet werden <span class=\"wpforms-required-label\" aria-hidden=\"true\">*<\/span><\/legend><ul id=\"wpforms-738-field_17\" class=\"wpforms-field-required\"><li class=\"choice-1 depth-1\"><input type=\"checkbox\" id=\"wpforms-738-field_17_1\" name=\"wpforms[fields][17][]\" value=\"Hiermit bin ich einverstanden.\" aria-errormessage=\"wpforms-738-field_17_1-error\" required ><label class=\"wpforms-field-label-inline\" for=\"wpforms-738-field_17_1\">Hiermit bin ich einverstanden.<\/label><\/li><\/ul><\/fieldset><\/div><script>\n\t\t\t\t( function() {\n\t\t\t\t\tconst style = document.createElement( 'style' );\n\t\t\t\t\tstyle.appendChild( document.createTextNode( '#wpforms-738-field_5-container { position: absolute !important; overflow: hidden !important; display: inline !important; height: 1px !important; width: 1px !important; z-index: -1000 !important; padding: 0 !important; } #wpforms-738-field_5-container input { visibility: hidden; } #wpforms-conversational-form-page #wpforms-738-field_5-container label { counter-increment: none; }' ) );\n\t\t\t\t\tdocument.head.appendChild( style );\n\t\t\t\t\tdocument.currentScript?.remove();\n\t\t\t\t} )();\n\t\t\t<\/script><\/div><!-- .wpforms-field-container --><div class=\"wpforms-submit-container\" ><input type=\"hidden\" name=\"wpforms[id]\" value=\"738\"><input type=\"hidden\" name=\"page_title\" value=\"\"><input type=\"hidden\" name=\"page_url\" value=\"https:\/\/fagk.de\/index.php?rest_route=\/wp\/v2\/pages\/713\"><input type=\"hidden\" name=\"url_referer\" value=\"\"><button type=\"submit\" name=\"wpforms[submit]\" id=\"wpforms-submit-738\" class=\"wpforms-submit\" data-alt-text=\"Kartenbestellung wird gesendet\u00a0\u2026\" data-submit-text=\"Bestellen\" aria-live=\"assertive\" value=\"wpforms-submit\">Bestellen<\/button><img loading=\"lazy\" decoding=\"async\" src=\"https:\/\/fagk.de\/wp-content\/plugins\/wpforms-lite\/assets\/images\/submit-spin.svg\" class=\"wpforms-submit-spinner\" style=\"display: none;\" width=\"26\" height=\"26\" alt=\"Wird geladen\"><\/div><\/form><\/div>  <!-- .wpforms-container -->","protected":false},"excerpt":{"rendered":"","protected":false},"author":1,"featured_media":0,"parent":0,"menu_order":0,"comment_status":"closed","ping_status":"closed","template":"","meta":{"footnotes":""},"class_list":["post-713","page","type-page","status-publish","hentry"],"jetpack_sharing_enabled":true,"_links":{"self":[{"href":"https:\/\/fagk.de\/index.php?rest_route=\/wp\/v2\/pages\/713","targetHints":{"allow":["GET"]}}],"collection":[{"href":"https:\/\/fagk.de\/index.php?rest_route=\/wp\/v2\/pages"}],"about":[{"href":"https:\/\/fagk.de\/index.php?rest_route=\/wp\/v2\/types\/page"}],"author":[{"embeddable":true,"href":"https:\/\/fagk.de\/index.php?rest_route=\/wp\/v2\/users\/1"}],"replies":[{"embeddable":true,"href":"https:\/\/fagk.de\/index.php?rest_route=%2Fwp%2Fv2%2Fcomments&post=713"}],"version-history":[{"count":3,"href":"https:\/\/fagk.de\/index.php?rest_route=\/wp\/v2\/pages\/713\/revisions"}],"predecessor-version":[{"id":749,"href":"https:\/\/fagk.de\/index.php?rest_route=\/wp\/v2\/pages\/713\/revisions\/749"}],"wp:attachment":[{"href":"https:\/\/fagk.de\/index.php?rest_route=%2Fwp%2Fv2%2Fmedia&parent=713"}],"curies":[{"name":"wp","href":"https:\/\/api.w.org\/{rel}","templated":true}]}}