{"id":60,"date":"2022-08-31T17:54:15","date_gmt":"2022-08-31T17:54:15","guid":{"rendered":"https:\/\/fagk.de\/?page_id=60"},"modified":"2026-02-18T11:53:59","modified_gmt":"2026-02-18T11:53:59","slug":"willkommen","status":"publish","type":"page","link":"https:\/\/fagk.de\/","title":{"rendered":"Willkommen"},"content":{"rendered":"\n<p>Liebe Karnevalsfreundinnen,<br>liebe Karnevalsfreunde,<br>leev Jecke,<br><\/p>\n\n\n\n<p>unter dem Motto:<\/p>\n\n\n\n<p>&#8222;100 Jahre Bad am Rhing \u2013 Jodesberch im Sunnesching&#8220;<\/p>\n\n\n\n<p>werden wir die Session 2026\/2027 bestreiten.<br><br>Verehrte Besucherinnen und Besucher unserer Internetseite, wir laden Sie ein, seien Sie dabei, wenn die Prinzenpaare proklamiert werden und anschlie\u00dfend den Frohsinn in die Herzen der Narrenschar bringen.<\/p>\n\n\n\n<div class=\"wp-block-columns is-layout-flex wp-container-core-columns-is-layout-28f84493 wp-block-columns-is-layout-flex\">\n<div class=\"wp-block-column is-layout-flow wp-block-column-is-layout-flow\">\n<p>Wir w\u00fcnschen allen Karnevalisten sowie den vielen Freunden und Unterst\u00fctzern des Karnevals in Bad Godesberg eine sch\u00f6ne und herzerw\u00e4rmende Session.<br><br>Dreimol vun H\u00e4tze &#8211; Jodesberch Alaaf!<br><br>Ralph Eisenstein<\/p>\n\n\n\n<p>Pr\u00e4sident Festausschuss Godesberger Karneval e.V.<\/p>\n<\/div>\n<\/div>\n\n\n\n<p><\/p>\n\n\n\n<p><\/p>\n\n\n\n<p><\/p>\n","protected":false},"excerpt":{"rendered":"<p>Liebe Karnevalsfreundinnen,liebe Karnevalsfreunde,leev Jecke, unter dem Motto: &#8222;100 Jahre Bad am Rhing \u2013 Jodesberch im Sunnesching&#8220; werden wir die Session 2026\/2027 bestreiten. [&hellip;]<\/p>\n","protected":false},"author":1,"featured_media":0,"parent":0,"menu_order":0,"comment_status":"closed","ping_status":"closed","template":"","meta":{"footnotes":""},"class_list":["post-60","page","type-page","status-publish","hentry"],"jetpack_sharing_enabled":true,"_links":{"self":[{"href":"https:\/\/fagk.de\/index.php?rest_route=\/wp\/v2\/pages\/60","targetHints":{"allow":["GET"]}}],"collection":[{"href":"https:\/\/fagk.de\/index.php?rest_route=\/wp\/v2\/pages"}],"about":[{"href":"https:\/\/fagk.de\/index.php?rest_route=\/wp\/v2\/types\/page"}],"author":[{"embeddable":true,"href":"https:\/\/fagk.de\/index.php?rest_route=\/wp\/v2\/users\/1"}],"replies":[{"embeddable":true,"href":"https:\/\/fagk.de\/index.php?rest_route=%2Fwp%2Fv2%2Fcomments&post=60"}],"version-history":[{"count":24,"href":"https:\/\/fagk.de\/index.php?rest_route=\/wp\/v2\/pages\/60\/revisions"}],"predecessor-version":[{"id":1313,"href":"https:\/\/fagk.de\/index.php?rest_route=\/wp\/v2\/pages\/60\/revisions\/1313"}],"wp:attachment":[{"href":"https:\/\/fagk.de\/index.php?rest_route=%2Fwp%2Fv2%2Fmedia&parent=60"}],"curies":[{"name":"wp","href":"https:\/\/api.w.org\/{rel}","templated":true}]}}