{"id":243,"date":"2022-10-17T18:50:42","date_gmt":"2022-10-17T18:50:42","guid":{"rendered":"https:\/\/fagk.de\/?page_id=243"},"modified":"2025-12-23T11:22:02","modified_gmt":"2025-12-23T11:22:02","slug":"veranstaltungen","status":"publish","type":"page","link":"https:\/\/fagk.de\/?page_id=243","title":{"rendered":"Veranstaltungen"},"content":{"rendered":"\n<p>Hier findet Ihr alle uns vorliegenden Termine im Bad Godesberger Karneval.<\/p>\n\n\n\n<p><\/p>\n\n\n\n<p><\/p>\n\n\n\n<p>M\u00f6chtet Ihr auch eine eurer Veranstaltungen in diesem Kalender wiederfinden, kann der Termin mit allen wichtigen Informationen gerne <em><mark style=\"background-color:rgba(0, 0, 0, 0)\" class=\"has-inline-color has-vivid-cyan-blue-color\"><a href=\"mailto:Termine@fagk.de\">hier<\/a> <\/mark><\/em>mitgeteilt werden.<\/p>\n\n\n\n<p><\/p>\n\n\n\n<p><\/p>\n\n\n\n  <div id='pgcalendar-9c0545e2266ac572f2840b693f87ed31ab7df11f087adf19ab95b339a7e585dc' class='pgcal-container'>loading...<\/div>\n  <div class='pgcal-branding'>Powered by <a href='https:\/\/wordpress.org\/plugins\/pretty-google-calendar\/'>Pretty Google Calendar<\/a><\/div>\n  \n\n\n\n<p><\/p>\n\n\n\n<p>Der Festausschuss und alle Veranstalter freuen sich \u00fcber zahlreiche Teilnahmen bei allen Angeboten.<\/p>\n\n\n\n<p><\/p>\n\n\n\n<p><\/p>\n\n\n\n<p><a href=\"https:\/\/fagk.de\/?page_id=713\" data-type=\"page\" data-id=\"713\">Hier k\u00f6nnen direkt Karten f\u00fcr die Prinzenproklamation am 20.11.2026 im Br\u00fcckenforum bestellt werden.<\/a><\/p>\n\n\n\n<p><\/p>\n","protected":false},"excerpt":{"rendered":"<p>Hier findet Ihr alle uns vorliegenden Termine im Bad Godesberger Karneval. M\u00f6chtet Ihr auch eine eurer Veranstaltungen in diesem Kalender wiederfinden, kann [&hellip;]<\/p>\n","protected":false},"author":1,"featured_media":0,"parent":0,"menu_order":0,"comment_status":"closed","ping_status":"closed","template":"","meta":{"footnotes":""},"class_list":["post-243","page","type-page","status-publish","hentry"],"jetpack_sharing_enabled":true,"_links":{"self":[{"href":"https:\/\/fagk.de\/index.php?rest_route=\/wp\/v2\/pages\/243","targetHints":{"allow":["GET"]}}],"collection":[{"href":"https:\/\/fagk.de\/index.php?rest_route=\/wp\/v2\/pages"}],"about":[{"href":"https:\/\/fagk.de\/index.php?rest_route=\/wp\/v2\/types\/page"}],"author":[{"embeddable":true,"href":"https:\/\/fagk.de\/index.php?rest_route=\/wp\/v2\/users\/1"}],"replies":[{"embeddable":true,"href":"https:\/\/fagk.de\/index.php?rest_route=%2Fwp%2Fv2%2Fcomments&post=243"}],"version-history":[{"count":30,"href":"https:\/\/fagk.de\/index.php?rest_route=\/wp\/v2\/pages\/243\/revisions"}],"predecessor-version":[{"id":1202,"href":"https:\/\/fagk.de\/index.php?rest_route=\/wp\/v2\/pages\/243\/revisions\/1202"}],"wp:attachment":[{"href":"https:\/\/fagk.de\/index.php?rest_route=%2Fwp%2Fv2%2Fmedia&parent=243"}],"curies":[{"name":"wp","href":"https:\/\/api.w.org\/{rel}","templated":true}]}}