{"id":199,"date":"2022-10-16T17:34:31","date_gmt":"2022-10-16T17:34:31","guid":{"rendered":"https:\/\/fagk.de\/?page_id=199"},"modified":"2026-02-18T12:11:36","modified_gmt":"2026-02-18T12:11:36","slug":"mottos","status":"publish","type":"page","link":"https:\/\/fagk.de\/?page_id=199","title":{"rendered":"Mottos"},"content":{"rendered":"\n<p>Habe Sie eine originelle Idee f\u00fcr die kommende Session? Ein Motto, das zu Bad Godesberg und unserem eigenst\u00e4ndigen Karneval passt?&nbsp;<\/p>\n\n\n\n<p>Dann schicken Sie uns bitte bis zum 30. September 2025 eine Email an&nbsp;<a href=\"mailto:motto%40fagk.de?subject=Vorschlag%20Motto&amp;body=Liebes%20Pr%C3%A4sidium%2C%20%0Af%C3%BCr%20die%20kommende%20Session%20m%C3%B6chte%20ich%20gerne%20vorschlagen...%20%0A\" data-type=\"mailto\" data-id=\"mailto:motto%40fagk.de?subject=Vorschlag%20Motto&amp;body=Liebes%20Pr%C3%A4sidium%2C%20%0Af%C3%BCr%20die%20kommende%20Session%20m%C3%B6chte%20ich%20gerne%20vorschlagen...%20%0A\"><strong><em>motto@fagk.de&nbsp;<\/em><\/strong><\/a><\/p>\n\n\n\n<p>Der Einsender, dessen Motto ausgew\u00e4hlt wird, erh\u00e4lt den Prinzenorden sowie zwei Eintrittskarten zu der darauf folgenden Prinzenproklamation!<\/p>\n\n\n\n<p><strong>Motto-Historie<\/strong><\/p>\n\n\n\n<figure id=\"CM157a9ea0556d1911380cb7838\" class=\"wp-block-table\"><table><tbody><tr><td>1957<\/td><td>Jodesberg bringt Spr\u00fcch&#8216; und Zitate<\/td><\/tr><tr><td>1958<\/td><td>Godesberg lacht<\/td><\/tr><tr><td>1959<\/td><td>Godesberger Astrologie<\/td><\/tr><tr><td>1960<\/td><td>Godesberg Einst und Jetzt<\/td><\/tr><tr><td>1961<\/td><td>Godesberg ferngesehen<\/td><\/tr><tr><td>1962<\/td><td>Karneval der Nationen<\/td><\/tr><tr><td>1963<\/td><td>M&#8217;r kann och alles \u00fcvverdrieve<\/td><\/tr><tr><td>1964<\/td><td>Godesberger Cocktail<\/td><\/tr><tr><td>1965<\/td><td>Manege frei<\/td><\/tr><tr><td>1966<\/td><td>Schlagerparade<\/td><\/tr><tr><td>1967<\/td><td>Stadt des L\u00e4chelns<\/td><\/tr><tr><td>1968<\/td><td>N\u00e4rrisches Intermezzo<\/td><\/tr><tr><td>1969<\/td><td>N\u00e4rrische Kongresse<\/td><\/tr><tr><td>1970<\/td><td>Reise um die Welt<\/td><\/tr><tr><td>1971<\/td><td>Es war einmal<\/td><\/tr><tr><td>1972<\/td><td>Su wigg sinn mir jekumme<\/td><\/tr><tr><td>1973<\/td><td>Schlager der Zeit<\/td><\/tr><tr><td>1974<\/td><td>Godesberger jecke T\u00f6n<\/td><\/tr><tr><td>1975<\/td><td>N\u00e4rrische Bl\u00fcten<\/td><\/tr><tr><td>1976<\/td><td>Ahl Plaate<\/td><\/tr><tr><td>1977<\/td><td>N\u00e4rrische Wein-Karte<\/td><\/tr><tr><td>1978<\/td><td>Su e Theater<\/td><\/tr><tr><td>1979<\/td><td>Bl\u00fchender Unsinn<\/td><\/tr><tr><td>1980<\/td><td>Karneval der Nationen<\/td><\/tr><tr><td>1981<\/td><td>Alaaf Bad Godesberg<\/td><\/tr><tr><td>1982<\/td><td>Godesberger Tr\u00e4umerei<\/td><\/tr><tr><td>1983<\/td><td>Godesberger Geschichten<\/td><\/tr><tr><td>1984<\/td><td>Wir bitten zu Tisch<\/td><\/tr><tr><td>1985<\/td><td>Su &#8217;ne Cirkus<\/td><\/tr><tr><td>1986<\/td><td>N\u00e4rrisches Traumschiff<\/td><\/tr><tr><td>1987<\/td><td>Das waren noch Zeiten<\/td><\/tr><tr><td>1988<\/td><td>Mir wolle blieve wat mir sin<\/td><\/tr><tr><td>1989<\/td><td>M\u00e4rchenhaftes Godesberg<\/td><\/tr><tr><td>1990<\/td><td>Janz Jodesberg steht Kopp<\/td><\/tr><tr><td>1991<\/td><td>Godesberger Verz\u00e4llche<\/td><\/tr><tr><td>1991<\/td><td>Godesberger Verz\u00e4llche<\/td><\/tr><tr><td>1993<\/td><td>Freude, Frohsinn und Humor in Godesberg schon \u00f6vver 100 Johr<\/td><\/tr><tr><td>1994<\/td><td>Jecke Leedche, jecke T\u00f6n &#8211; maache de Fastelovend sch\u00f6n<\/td><\/tr><tr><td>1995<\/td><td>Wat me och Maache &#8211; et es zom Laache<\/td><\/tr><tr><td>1996<\/td><td>Simsalabim &#8211; Karneval am Rhing<\/td><\/tr><tr><td>1997<\/td><td>Jodesberg j\u00f6nnt jedem Jeck jet Jodes<\/td><\/tr><tr><td>1998<\/td><td>Godesberger Filmfestspiele<\/td><\/tr><tr><td>1999<\/td><td>M&#8217;r losse de Poppe danze<\/td><\/tr><tr><td>2000<\/td><td>Godesberg 2000 Johr &#8211; wie et es un wie et wor<\/td><\/tr><tr><td>2001<\/td><td>Jeck un Doll en Dur on Moll<\/td><\/tr><tr><td>2002<\/td><td>DM hin Euro her, mer fiere trotzdem Fasteleer<\/td><\/tr><tr><td>2003<\/td><td>Fiere, singe, danze, Godesberg jeht op et Janze<\/td><\/tr><tr><td>2004<\/td><td>Jecke komme, Jecke jonn &#8211; Godesberg, dat bliev bestonn<\/td><\/tr><tr><td>2005<\/td><td>Godesberger Fastelovend, Anno Pief<\/td><\/tr><tr><td>2006<\/td><td>Godesberger Originale, senn net zo bezahle<\/td><\/tr><tr><td>2007<\/td><td>Godesberger Ritterspiele<\/td><\/tr><tr><td>2008<\/td><td>Godesberger Narren &#8211; Olympiade<\/td><\/tr><tr><td>2009<\/td><td>Godesberger Bad &#8211; f\u00fcr Jecke jemaat<\/td><\/tr><tr><td>2010<\/td><td>Ob Schnie, ob Sturm, ob Sonnesching &#8211; 800 Johr steht uns Burg am Rhing<\/td><\/tr><tr><td>2011<\/td><td>Jodesberg janz jeck<\/td><\/tr><tr><td>2012<\/td><td>www.mir-all-senn-godesberg.de<\/td><\/tr><tr><td>2013<\/td><td>Singendes, klingendes Godesberg<\/td><\/tr><tr><td>2014<\/td><td>Godesberg &#8211; so bunt wie ein Regenbogen<\/td><\/tr><tr><td>2015<\/td><td>Ahl un Jung schlagen de Trumm<\/td><\/tr><tr><td>2016<\/td><td>Himmlisch jood un teuflisch jeck is Jodesberg an jeder Eck<\/td><\/tr><tr><td>2017<\/td><td>TV Karneval &#8211; alles auf dem Sender!<\/td><\/tr><tr><td>2018<\/td><td>Es och verd\u00f6tsch de janze Welt, mir fiere wie et uns jef\u00e4llt!<\/td><\/tr><tr><td>2019<\/td><td>Ob Theater, Oper oder Hall, Jodesberch fiert op jede Fall!<\/td><\/tr><tr><td>2020<\/td><td>Met Danz und Klaaf ruft Jodesbersch Alaaf!&nbsp;<\/td><\/tr><tr><td>2021<\/td><td>Mer stonn zesamme<\/td><\/tr><tr><td>2022<\/td><td>Vorhang auf f\u00fcr die Revue, Godesberg verr\u00fcckt wie nie!<\/td><\/tr><tr><td>2023<\/td><td>Vorhang auf f\u00fcr die Revue, Godesberg verr\u00fcckt wie nie!<\/td><\/tr><tr><td>2024<\/td><td>Jodesberger die sin jeck und han et H\u00e4tz om r\u00e4\u00e4chte Fleck<\/td><\/tr><tr><td>2025<\/td><td>Kamelle, B\u00fctzje, Str\u00fcsje &#8211; Jodesberch is us em H\u00fcsje<\/td><\/tr><tr><td>2026<\/td><td>In Jodesberch fiert Jro\u00df un Kleen \u2013 zosamme sin mir nit alleen<\/td><\/tr><tr><td>2027<\/td><td>100 Jahre Bad am Rhing \u2013 Jodesberch im Sunnesching<\/td><\/tr><\/tbody><\/table><\/figure>\n\n\n\n<p><\/p>\n","protected":false},"excerpt":{"rendered":"<p>Habe Sie eine originelle Idee f\u00fcr die kommende Session? Ein Motto, das zu Bad Godesberg und unserem eigenst\u00e4ndigen Karneval passt?&nbsp; Dann schicken [&hellip;]<\/p>\n","protected":false},"author":1,"featured_media":0,"parent":0,"menu_order":0,"comment_status":"closed","ping_status":"closed","template":"","meta":{"footnotes":""},"class_list":["post-199","page","type-page","status-publish","hentry"],"jetpack_sharing_enabled":true,"_links":{"self":[{"href":"https:\/\/fagk.de\/index.php?rest_route=\/wp\/v2\/pages\/199","targetHints":{"allow":["GET"]}}],"collection":[{"href":"https:\/\/fagk.de\/index.php?rest_route=\/wp\/v2\/pages"}],"about":[{"href":"https:\/\/fagk.de\/index.php?rest_route=\/wp\/v2\/types\/page"}],"author":[{"embeddable":true,"href":"https:\/\/fagk.de\/index.php?rest_route=\/wp\/v2\/users\/1"}],"replies":[{"embeddable":true,"href":"https:\/\/fagk.de\/index.php?rest_route=%2Fwp%2Fv2%2Fcomments&post=199"}],"version-history":[{"count":14,"href":"https:\/\/fagk.de\/index.php?rest_route=\/wp\/v2\/pages\/199\/revisions"}],"predecessor-version":[{"id":1319,"href":"https:\/\/fagk.de\/index.php?rest_route=\/wp\/v2\/pages\/199\/revisions\/1319"}],"wp:attachment":[{"href":"https:\/\/fagk.de\/index.php?rest_route=%2Fwp%2Fv2%2Fmedia&parent=199"}],"curies":[{"name":"wp","href":"https:\/\/api.w.org\/{rel}","templated":true}]}}