{"id":153,"date":"2022-10-16T17:22:00","date_gmt":"2022-10-16T17:22:00","guid":{"rendered":"https:\/\/fagk.de\/?page_id=153"},"modified":"2024-07-21T15:30:51","modified_gmt":"2024-07-21T15:30:51","slug":"aufgaben","status":"publish","type":"page","link":"https:\/\/fagk.de\/?page_id=153","title":{"rendered":"Aufgaben"},"content":{"rendered":"\n<h1 class=\"wp-block-heading has-large-font-size\">Kurze Geschichte des<br>Festausschuss Godesberger Karneval e.V.<\/h1>\n\n\n\n<p>Karneval zu feiern ist seit eh und je ein bedeutendes Bed\u00fcrfnis im Rheinland und somit auch in Bad Godesberg. Und dies bereits schon weit \u00fcber 100 Jahre.<\/p>\n\n\n\n<p>Im Jahre 1893 bildete sich innerhalb des Godesberger Turnvereins eine Karnevalsgruppierung, die sich &#8222;Uzv\u00fcgel&#8220; nannte und den Godesberger Karneval offiziell zum Leben erweckte. In den folgenden Jahrzehnten wurde dieser, unterbrochen durch die Kriegsjahre, forciert und es entstanden immer mehr Vereine, die dem Frohsinn und der Heiterkeit fr\u00f6nten. Zur Freude aller nahm das Karnevalstreiben in unserer Heimatstadt immer mehr an Bedeutung zu und man entschloss sich 1934 erstmals in Bad Godesberg einen Karnevalszug starten zu lassen. Zudem wurde ein Prinz Karneval und eine Godesia gek\u00fcrt, die als Godesberger Prinzenpaar w\u00e4hrend der n\u00e4rrischen Tage die Herrscherrolle \u00fcber die Jecken \u00fcbernahm.<br>Aufgrund der gro\u00dfen Anzahl von Karnevalsgesellschaften in Bad Godesberg verf\u00fcgte der damalige B\u00fcrgermeister Alef diese unter eine Oberleitung zusammen zu fassen. So entstanden 1938 die Wurzeln des heute bekannten Festausschuss Godesberger Karneval, der seinerzeit jedoch als Vaterst\u00e4dtischer Verein zur Dachorganisation aller Godesberger Karnevalsgesellschaften gegr\u00fcndet wurde. Er sollte die F\u00fchrung des Godesberger Karnevals konsequent \u00fcbernehmen. So ist es dann auch bis zum heutigen Tag geblieben.<br>Nach Paul Wingarz, Willi Werth, Fred Friedmeyer, Horst Effelsberg, Karl-Heinz Michels, J\u00fcrgen Krupp, Christian H\u00fcffel, Uta Nagel und Armin Weins leitet Ralph Eisenstein seit 2023 als Pr\u00e4sident die Geschicke des Festausschusses. Die vielf\u00e4ltigen Aufgaben unserer Organisation bestehen unter anderem in der Auswahl und Benennung des Prinzen -und Kinderprinzenpaares, deren Proklamationen, Organisation und Durchf\u00fchrung der Sessionser\u00f6ffnung, des Karnevalszuges und des Federnrupfens. Des weiteren liegen s\u00e4mtliche Organisationsarbeiten rund um unsere Prinzenpaare wie z.B. die Einkleidung, die Auftrittstermine, Abwicklung und Gestaltung der Prinzenorden und Sessionsabzeichen in den H\u00e4nden des Festausschusses. Zudem erstellt und ver\u00f6ffentlicht er zu Beginn jeder Session den &#8222;Godesberger Narrenspiegel&#8220;, unsere Karnevalszeitung. Insgesamt also viel Arbeit die sich auf das ganze Jahr erstreckt. Gem\u00e4\u00df eines Gesch\u00e4ftsverteilungs- und Funktionsplanes werden die zahlreichen Aufgaben auf das 16-k\u00f6pfige Pr\u00e4sidium, dem der Pr\u00e4sident vorsteht, verteilt. Ein weiteres Gremium des Godesberger Festausschuss ist der Vorstand. Er besteht aus je einem Vertreter der uns angeschlossenen Gesellschaften, Vereine und Gruppierungen, derzeit 17 an der Zahl. Au\u00dferdem geh\u00f6ren diverse Ehrenvorstandsmitglieder, Ehrenmitglieder und der \u00c4ltestenrat dem Vorstand an. Die Belange und Interessen unserer Mitglieder sollen und m\u00fcssen nat\u00fcrlich Ber\u00fccksichtigung finden. Zu diesem Zwecke trifft man sich in regelm\u00e4\u00dfig stattfindenden Vorstandssitzungen, wo das Pr\u00e4sidium seine Vorhaben er\u00f6rtert und mit dem Vorstand abstimmt, wobei wir uns alle gemeinsam ein Ziel vor Augen halten: den Erhalt und die Fortf\u00fchrung einer langen, bedeutenden und erfolgreichen Karnevalstradition in unserer Heimatstadt Bad Godesberg !<\/p>\n","protected":false},"excerpt":{"rendered":"<p>Kurze Geschichte desFestausschuss Godesberger Karneval e.V. Karneval zu feiern ist seit eh und je ein bedeutendes Bed\u00fcrfnis im Rheinland und somit auch [&hellip;]<\/p>\n","protected":false},"author":1,"featured_media":0,"parent":0,"menu_order":0,"comment_status":"closed","ping_status":"closed","template":"","meta":{"footnotes":""},"class_list":["post-153","page","type-page","status-publish","hentry"],"jetpack_sharing_enabled":true,"_links":{"self":[{"href":"https:\/\/fagk.de\/index.php?rest_route=\/wp\/v2\/pages\/153","targetHints":{"allow":["GET"]}}],"collection":[{"href":"https:\/\/fagk.de\/index.php?rest_route=\/wp\/v2\/pages"}],"about":[{"href":"https:\/\/fagk.de\/index.php?rest_route=\/wp\/v2\/types\/page"}],"author":[{"embeddable":true,"href":"https:\/\/fagk.de\/index.php?rest_route=\/wp\/v2\/users\/1"}],"replies":[{"embeddable":true,"href":"https:\/\/fagk.de\/index.php?rest_route=%2Fwp%2Fv2%2Fcomments&post=153"}],"version-history":[{"count":8,"href":"https:\/\/fagk.de\/index.php?rest_route=\/wp\/v2\/pages\/153\/revisions"}],"predecessor-version":[{"id":490,"href":"https:\/\/fagk.de\/index.php?rest_route=\/wp\/v2\/pages\/153\/revisions\/490"}],"wp:attachment":[{"href":"https:\/\/fagk.de\/index.php?rest_route=%2Fwp%2Fv2%2Fmedia&parent=153"}],"curies":[{"name":"wp","href":"https:\/\/api.w.org\/{rel}","templated":true}]}}