{"id":108,"date":"2022-09-27T18:42:16","date_gmt":"2022-09-27T18:42:16","guid":{"rendered":"https:\/\/fagk.de\/?page_id=108"},"modified":"2026-02-18T12:05:59","modified_gmt":"2026-02-18T12:05:59","slug":"bad-godesberger-prinzenpaare","status":"publish","type":"page","link":"https:\/\/fagk.de\/?page_id=108","title":{"rendered":"Bad Godesberger Prinzenpaare"},"content":{"rendered":"\n<p>M\u00f6chten Sie vom amtierenden Prinzenpaar w\u00e4hrend der Session besucht werden, versuchen wir das gerne zu erm\u00f6glichen. Um einen Besuch des Bad Godesberger Prinzenpaares zu buchen, wenden Sie sich bitte an info@fagk.de.<\/p>\n\n\n\n<figure class=\"wp-block-table is-style-regular\"><table><tbody><tr><td><strong>Jahr<\/strong><\/td><td><strong>Prinz<\/strong><\/td><td><strong>Godesia<\/strong><\/td><\/tr><tr><td>1934<\/td><td>Friedrich (Fritz I.) Dreesen<\/td><td>Ruth Haase<\/td><\/tr><tr><td>1935<\/td><td>Karl I. Schwarz<\/td><td>Mia Spangenberg<\/td><\/tr><tr><td>1936<\/td><td>Kurt I. Schneider<\/td><td>Erna Rosenbaum<\/td><\/tr><tr><td>1937<\/td><td>Karl II. Gallep<\/td><td>Hilde F\u00fcnfgeld<\/td><\/tr><tr><td>1938<\/td><td>Georg I. Arenz<\/td><td>Maria Nussbaum<\/td><\/tr><tr><td>1939<\/td><td>Paul I. Gr\u00fcnh\u00e4user<\/td><td>Ilse J\u00e4ger<\/td><\/tr><tr><td>1951<\/td><td>Ludwig I. Stupp<\/td><td>Trude Fleischhauer<\/td><\/tr><tr><td>1952<\/td><td>G\u00fcnter I. Heer<\/td><td>Edith Laufer<\/td><\/tr><tr><td>1953<\/td><td>Heinz I. Tresselt<\/td><td>Rose-Marie Schrottka<\/td><\/tr><tr><td>1954<\/td><td>Benno I. Ittenbach<\/td><td>Ruth Ittenbach<\/td><\/tr><tr><td>1955<\/td><td>Heinrich I. Kehlenbach<\/td><td>Uta Zeitler<\/td><\/tr><tr><td>1956<\/td><td>Peter I. Scheben<\/td><td>Ingeborg Walter<\/td><\/tr><tr><td>1957<\/td><td>Fred I. Friedmeyer<\/td><td>Evet Klein<\/td><\/tr><tr><td>1958<\/td><td>Walter I. Vianden<\/td><td>Margret Buchner<\/td><\/tr><tr><td>1959<\/td><td>Franz I. Locka<\/td><td>Anni Locka<\/td><\/tr><tr><td>1960<\/td><td>Manfred I. Risch<\/td><td>Anita Hoffmann<\/td><\/tr><tr><td>1961<\/td><td>Hanshorst I. Schwarz<\/td><td>Bettina Pilhatsch<\/td><\/tr><tr><td>1962<\/td><td>Christian I. Schumacher<\/td><td>Christel Herrmann<\/td><\/tr><tr><td>1963<\/td><td>Dieter I. Lindner<\/td><td>Inge Lindner<\/td><\/tr><tr><td>1964<\/td><td>Peter II. Bl\u00e4ser<\/td><td>Margret Rickers<\/td><\/tr><tr><td>1965<\/td><td>Matthias I. Eulgem<\/td><td>Erika Kr\u00e4mer<\/td><\/tr><tr><td>1966<\/td><td>Paul II. Giesecke<\/td><td>Anneliese Sch\u00fcrges<\/td><\/tr><tr><td>1967<\/td><td>Leonhard I. (Leo) Dr. Salten<\/td><td>Christel-Marie Loef<\/td><\/tr><tr><td>1968<\/td><td>Karl-Heinz I. Schlickum<\/td><td>Gertrud Schneider<\/td><\/tr><tr><td>1969<\/td><td>Herbert I. Ott<\/td><td>Monika Demmer<\/td><\/tr><tr><td>1970<\/td><td>Horst I. Zaun<\/td><td>Hannelore Zaun<\/td><\/tr><tr><td>1971<\/td><td>Erich I. Wiemer<\/td><td>Irmgard Wiemer<\/td><\/tr><tr><td>1972<\/td><td>Walter II. Viktor<\/td><td>Ilona Paes<\/td><\/tr><tr><td>1973<\/td><td>Hugo I. K\u00f6hler<\/td><td>Liesel K\u00f6hler<\/td><\/tr><tr><td>1974<\/td><td>Karl-Heinz II. Hengstler<\/td><td>Uschi Hengstler<\/td><\/tr><tr><td>1975<\/td><td>Norbert I. Hauser<\/td><td>Irmgard H\u00fcbner<\/td><\/tr><tr><td>1976<\/td><td>Klaus I. Rose<\/td><td>Lore Vianden<\/td><\/tr><tr><td>1977<\/td><td>Werner I. Theisen<\/td><td>Karin Jaritz<\/td><\/tr><tr><td>1978<\/td><td>Ulrich I. Hauschild<\/td><td>Gertrud Dung<\/td><\/tr><tr><td>1979<\/td><td>Christian II. H\u00fcffel<\/td><td>Brigitte Sch\u00fcller<\/td><\/tr><tr><td>1980<\/td><td>Wolfgang I. Bierbaum<\/td><td>Hope Johnson<\/td><\/tr><tr><td>1981<\/td><td>Josef I. Schliebusch<\/td><td>Brigitte Schliebusch<\/td><\/tr><tr><td>1982<\/td><td>Hans I. Knips<\/td><td>Ilse Elsen<\/td><\/tr><tr><td>1983<\/td><td>Dieter II. V\u00f6llings<\/td><td>Anne Schmitt<\/td><\/tr><tr><td>1984<\/td><td>Christoph I. Br\u00fcse<\/td><td>Dagmar Br\u00fcse<\/td><\/tr><tr><td>1985<\/td><td>Hans II. Stangl<\/td><td>Martina Gr\u00e4ber<\/td><\/tr><tr><td>1986<\/td><td>Werner II. Grothkopp<\/td><td>Edith Grothkopp<\/td><\/tr><tr><td>1987<\/td><td>Burkhard I. Peters<\/td><td>Brigitte Peters<\/td><\/tr><tr><td>1988<\/td><td>Willi I. Wolkewitz<\/td><td>Waltraud Dr\u00f6ge<\/td><\/tr><tr><td>1989<\/td><td>Wolfgang II. Wessel<\/td><td>Inge Sch\u00f6ner<\/td><\/tr><tr><td>1990<\/td><td>Manfred II. Budzinski<\/td><td>Karin H\u00fcffel<\/td><\/tr><tr><td>1991<\/td><td>Andreas I. Heinrichs<\/td><td>Gisela Sieberz<\/td><\/tr><tr><td>1992<\/td><td>Andreas I. Heinrichs<\/td><td>Gisela Sieberz<\/td><\/tr><tr><td>1993<\/td><td>Michael I. Eberz<\/td><td>Rita Eberz<\/td><\/tr><tr><td>1994<\/td><td>Christian III. H\u00fcffel<\/td><td>Astrid Bendt-H\u00fcffel<\/td><\/tr><tr><td>1995<\/td><td>Stefan I. Gr\u00fcll<\/td><td>Leshika Perera<\/td><\/tr><tr><td>1996<\/td><td>Karl-Heinz III. Schmitt<\/td><td>Sh\u00f6ret Schmitt<\/td><\/tr><tr><td>1997<\/td><td>Bernd I. M\u00fcnz<\/td><td>Petra M\u00fcnz<\/td><\/tr><tr><td>1998<\/td><td>Hans-J\u00fcrgen I. Dittrich<\/td><td>Anita Dittrich<\/td><\/tr><tr><td>1999<\/td><td>Addy I. Schopp<\/td><td>Gabriele Schopp<\/td><\/tr><tr><td>2000<\/td><td>Wilfried I. Schraaf<\/td><td>Anne Schraaf<\/td><\/tr><tr><td>2001<\/td><td>Hans-Peter I. Lux<\/td><td>Barbara Hecken<\/td><\/tr><tr><td>2002<\/td><td>Peter III. Nelles<\/td><td>Renate Nelles<\/td><\/tr><tr><td>2003<\/td><td>J\u00fcrgen I. Bruder<\/td><td>Brigitte Gr\u00fcll<\/td><\/tr><tr><td>2004<\/td><td>Peter IV. Rest<\/td><td>Silke Rest<\/td><\/tr><tr><td>2005<\/td><td>Stefan II. Stuch<\/td><td>Uta Nagel<\/td><\/tr><tr><td>2006<\/td><td>Christoph II. Latz<\/td><td>Annemie Latz<\/td><\/tr><tr><td>2007<\/td><td>Ernst Ludwig I. Berg<\/td><td>Rosi Aretz<\/td><\/tr><tr><td>2008<\/td><td>Cornelius I. Diehl<\/td><td>Nina Lanz<\/td><\/tr><tr><td>2009<\/td><td>Otto I. Imbach<\/td><td>Gerti Imbach<\/td><\/tr><tr><td>2010<\/td><td>Christoph III. Caspary<\/td><td>Kathrin Liepert<\/td><\/tr><tr><td>2011<\/td><td>Kurt II. Dr. Sch\u00f6ppe<\/td><td>Jutta J\u00fclich<\/td><\/tr><tr><td>2012<\/td><td>Dirk I. Hausen<\/td><td>Martina Brand<\/td><\/tr><tr><td>2013<\/td><td>Lothar I. May<\/td><td>Miriam L\u00f6bbing<\/td><\/tr><tr><td>2014<\/td><td>Ayhan I. Iskenderoglu<\/td><td>Uta C\u00fcrlis<\/td><\/tr><tr><td>2015<\/td><td>Markus I. Knieps<\/td><td>Kerstin Silberling<\/td><\/tr><tr><td>2016<\/td><td>Joachim I. Ackermann<\/td><td>Martina Ackermann<\/td><\/tr><tr><td>2017<\/td><td>Thomas I. Heinzen<\/td><td>Conny Hagedorn<\/td><\/tr><tr><td>2018<\/td><td>Tobias I. Nolden<\/td><td>Vanessa Klasen<\/td><\/tr><tr><td>2019<\/td><td>Thomas II. Wedde<\/td><td>Doroth\u00e9e Ficks<\/td><\/tr><tr><td><a href=\"https:\/\/fagk.de\/wp-content\/uploads\/2022\/08\/seitemleiste1-scaled.jpeg\" target=\"_blank\" rel=\"noreferrer noopener\">2020<\/a><\/td><td>Harald I. Witschel<\/td><td>Gabriele B\u00f6ke<\/td><\/tr><tr><td><a href=\"https:\/\/fagk.de\/wp-content\/uploads\/2022\/11\/012-20210904-PP-KPP-114114-148-1-edited-scaled.jpg\" target=\"_blank\" rel=\"noreferrer noopener\">2023<\/a><\/td><td>Pete I. Noppeney<\/td><td>Alexandra Theisen<\/td><\/tr><tr><td><a href=\"https:\/\/fagk.de\/wp-content\/uploads\/2023\/12\/20230912-PP-23-15-edited.jpg\" target=\"_blank\" rel=\"noreferrer noopener\">2024<\/a><\/td><td>Florian I. B\u00fclles<\/td><td>Julia Wickert-Kandaz<\/td><\/tr><tr><td><a href=\"https:\/\/fagk.de\/wp-content\/uploads\/2024\/12\/Autogrammkarte2025_MalermeisterTiemeyer-1.jpg\" target=\"_blank\" rel=\"noreferrer noopener\">2025<\/a><\/td><td>Oliver I. Brenner<\/td><td>Manuela Hoffmann-Reichl<\/td><\/tr><tr><td><a href=\"https:\/\/fagk.de\/wp-content\/uploads\/2025\/12\/Autogrammkarte2026_Diakonie-1-1.png\" data-type=\"link\" data-id=\"https:\/\/fagk.de\/wp-content\/uploads\/2025\/12\/Autogrammkarte2026_Diakonie-1-1.png\" target=\"_blank\" rel=\"noreferrer noopener\">2026<\/a><\/td><td>Gregor I. K\u00fcpper<\/td><td>Eva Reif<\/td><\/tr><\/tbody><\/table><\/figure>\n\n\n\n<p><\/p>\n","protected":false},"excerpt":{"rendered":"<p>M\u00f6chten Sie vom amtierenden Prinzenpaar w\u00e4hrend der Session besucht werden, versuchen wir das gerne zu erm\u00f6glichen. Um einen Besuch des Bad Godesberger [&hellip;]<\/p>\n","protected":false},"author":1,"featured_media":0,"parent":0,"menu_order":1,"comment_status":"closed","ping_status":"closed","template":"","meta":{"footnotes":""},"class_list":["post-108","page","type-page","status-publish","hentry"],"jetpack_sharing_enabled":true,"_links":{"self":[{"href":"https:\/\/fagk.de\/index.php?rest_route=\/wp\/v2\/pages\/108","targetHints":{"allow":["GET"]}}],"collection":[{"href":"https:\/\/fagk.de\/index.php?rest_route=\/wp\/v2\/pages"}],"about":[{"href":"https:\/\/fagk.de\/index.php?rest_route=\/wp\/v2\/types\/page"}],"author":[{"embeddable":true,"href":"https:\/\/fagk.de\/index.php?rest_route=\/wp\/v2\/users\/1"}],"replies":[{"embeddable":true,"href":"https:\/\/fagk.de\/index.php?rest_route=%2Fwp%2Fv2%2Fcomments&post=108"}],"version-history":[{"count":19,"href":"https:\/\/fagk.de\/index.php?rest_route=\/wp\/v2\/pages\/108\/revisions"}],"predecessor-version":[{"id":1316,"href":"https:\/\/fagk.de\/index.php?rest_route=\/wp\/v2\/pages\/108\/revisions\/1316"}],"wp:attachment":[{"href":"https:\/\/fagk.de\/index.php?rest_route=%2Fwp%2Fv2%2Fmedia&parent=108"}],"curies":[{"name":"wp","href":"https:\/\/api.w.org\/{rel}","templated":true}]}}